{"id":3666,"date":"2021-01-15T14:20:02","date_gmt":"2021-01-15T14:20:02","guid":{"rendered":"http:\/\/stilog.it\/?page_id=3666"},"modified":"2021-02-04T12:04:37","modified_gmt":"2021-02-04T12:04:37","slug":"privacy-policy","status":"publish","type":"page","link":"https:\/\/stilog.it\/it\/privacy-policy\/","title":{"rendered":"Privacy policy"},"content":{"rendered":"<div class=\"fusion-fullwidth fullwidth-box fusion-builder-row-1 fusion-flex-container nonhundred-percent-fullwidth non-hundred-percent-height-scrolling\" style=\"--awb-border-radius-top-left:0px;--awb-border-radius-top-right:0px;--awb-border-radius-bottom-right:0px;--awb-border-radius-bottom-left:0px;--awb-flex-wrap:wrap;\" ><div class=\"fusion-builder-row fusion-row fusion-flex-align-items-flex-start fusion-flex-content-wrap\" style=\"max-width:calc( 1320px + 0px );margin-left: calc(-0px \/ 2 );margin-right: calc(-0px \/ 2 );\"><div class=\"fusion-layout-column fusion_builder_column fusion-builder-column-0 fusion_builder_column_1_1 1_1 fusion-flex-column\" style=\"--awb-bg-size:cover;--awb-width-large:100%;--awb-margin-top-large:0px;--awb-spacing-right-large:0px;--awb-margin-bottom-large:0px;--awb-spacing-left-large:0px;--awb-width-medium:100%;--awb-spacing-right-medium:0px;--awb-spacing-left-medium:0px;--awb-width-small:100%;--awb-spacing-right-small:0px;--awb-spacing-left-small:0px;\"><div class=\"fusion-column-wrapper fusion-flex-justify-content-flex-start fusion-content-layout-column\"><div class=\"fusion-text fusion-text-1\"><h1 class=\"fusion-responsive-typography-calculated wp-block-heading\" data-fontsize=\"48\" data-lineheight=\"57.6px\"><strong>INFORMATIVA PRIVACY<\/strong><\/h1>\n<p><strong>(art. 13 Regolamento europeo sulla protezione dei dati 679\/2016)<\/strong><\/p>\n<p><strong>\u00a0<\/strong><\/p>\n<p>In questa pagina, sono fornite informazioni a coloro (di seguito, gli \u201cInteressati\u201d) che consultano, con accesso diretto dalla home page oppure da pagine interne, e\/o utilizzano i servizi web del titolare, accessibili per via telematica a partire dall\u2019indirizzo www.stilog.it (di seguito, il \u201cSito\u201d)<\/p>\n<p>La presente informativa, resa agli Interessati, ai sensi dell\u2019art. 13 del Regolamento europeo 679\/2016 (\u201cGDPR\u201d), entrato in vigore Il 25 maggio 2018, si riferisce esclusivamente al Sito e non ad altri eventualmente consultati dagli Interessati tramite link.<\/p>\n<p>Attraverso il Sito possono essere raccolti dati personali (di seguito, i \u201cDati\u201d) che si riferiscono a persone identificate o identificabili, secondo le modalit\u00e0 di seguito descritte.<\/p>\n<ol>\n<li><strong>Titolare del trattamento<\/strong><\/li>\n<\/ol>\n<p>Roberto Bossi, Piazza Marsala, 4 \u2013 21100 Varese (VA) \u2013 ITALY<\/p>\n<p>Indirizzo email del Titolare: <a href=\"mailto:info@stilog.it\">info@stilog.it<\/a><\/p>\n<p>Numero di telefono: <a href=\"tel:+390332320462\">+39 0332 320 462\u00a0<\/a><\/p>\n<div class=\"fusion-li-item-content\">\u00a0<\/div>\n<ol start=\"2\">\n<li><strong>Tipologia e fonte dei dati<\/strong><\/li>\n<\/ol>\n<p><em><u>Dati di navigazione<\/u><\/em><\/p>\n<p>I sistemi informatici e le procedure\u00a0<em>software\u00a0<\/em>preposte al funzionamento del Sito acquisiscono, nel corso del loro normale esercizio, alcuni Dati (definiti\u00a0<em>log files<\/em>) la cui trasmissione \u00e8 implicita nell\u2019uso dei protocolli di comunicazione di Internet.<\/p>\n<p>Tali informazioni non sono raccolte per essere associate a interessati identificati, ma per loro stessa natura potrebbero, attraverso elaborazioni ed associazioni con dati detenuti da terzi, permettere di identificare gli utenti. In questa categoria rientrano gli indirizzi IP oppure i nomi a dominio dei computer utilizzati dagli utenti che si connettono al Sito, gli indirizzi in notazione URI (<em>Uniform Resource Identifier<\/em>) delle risorse richieste, l\u2019orario della richiesta, il metodo utilizzato nel sottoporre la richiesta al server, la dimensione del file ottenuto in risposta, il codice numerico indicante lo stato della risposta data dal server ed altri parametri relativi al sistema operativo e all\u2019ambiente informatico dell\u2019Interessati.<\/p>\n<p>Questi dati vengono utilizzati al solo fine di ricavare informazioni statistiche anonime sull\u2019uso del Sito e per controllarne il corretto funzionamento.<\/p>\n<p><em>\u00a0<\/em><\/p>\n<p><em><u>Cookie<\/u><\/em><\/p>\n<p>Per assicurare il funzionamento del Sito e migliorare il servizio offerto, vengono utilizzati\u00a0<em>cookie<\/em>. I cookie sono piccoli file di testo che i siti visitati dall\u2019Interessati inviano al suo terminale (solitamente al\u00a0<em>browser<\/em>), dove vengono memorizzati per essere poi ritrasmessi agli stessi siti alla successiva visita del medesimo Interessati.<\/p>\n<p>Per maggiori informazioni, conoscere i cookie utilizzati sul Sito ed eventualmente disabilitarli e\/o negare il consenso si rinvia alla\u00a0<a href=\"https:\/\/bollicineribelli.it\/cookie-policy\"><em>cookie policy<\/em>.<\/a><\/p>\n<p><em><u>Dati forniti volontariamente dall\u2019Interessati<\/u><\/em><\/p>\n<p>Stilog raccoglie e tratta i Dati direttamente e consapevolmente forniti dagli Interessati in occasione della registrazione al Sito; dell\u2019ordine di acquisto online; della richiesta di invio della newsletter della stessa Stilog.<\/p>\n<p>Tali dati includono, per esempio, nome e cognome, indirizzo postale e indirizzo email e telefono, nonch\u00e9 dati relativa alla gestione amministrativo-contabile dell\u2019ordine<\/p>\n<p>Inoltre, l\u2019invio facoltativo, esplicito e volontario di posta elettronica tramite il Sito e\/o agli indirizzi indicati sul Sito comporta la successiva acquisizione dell\u2019indirizzo del mittente, necessario per rispondere alle richieste, nonch\u00e9 degli eventuali altri Dati inseriti nel messaggio inviato.<\/p>\n<p><strong>\u00a0<\/strong><\/p>\n<ol start=\"3\">\n<li><strong>Finalit\u00e0 e base giuridica del trattamento dei Dati<\/strong><\/li>\n<\/ol>\n<p>I Dati degli Interessati saranno utilizzati per le seguenti finalit\u00e0:<\/p>\n<p>(a) per rispondere e soddisfare ogni richiesta e dunque per gestire il rapporto con Stilog ;<\/p>\n<p>(b) per dare seguito all\u2019 ordine di acquisto\u00a0<em>online\u00a0<\/em>e dunque per svolgere tutte le attivit\u00e0 di gestione dell\u2019ordine (compresa la gestione amministrativa del contratto, la spedizione dei prodotti, la gestione dei pagamenti, dei crediti e di eventuali contenziosi e la prevenzione di frodi), nonch\u00e9 in adempimento di tutti gli obblighi imposti dalle leggi e regolamenti vigenti;<\/p>\n<ol>\n<li>c) per l\u2019invio della newsletter di Stilog.<\/li>\n<\/ol>\n<p>Per le finalit\u00e0 di cui alle lett. a) e b), la base giuridica del trattamento \u00e8 l\u2019esecuzione di un contratto ai sensi dell\u2019art. 6, comma 1, lettera b) GDPR.<\/p>\n<p>Per la finalit\u00e0 sub c), base giuridica del trattamento \u00e8 il consenso, ai sensi dell\u2019art. 6, comma 1, lettera a) GDPR.<\/p>\n<p><strong>\u00a0<\/strong><\/p>\n<ol start=\"4\">\n<li><strong>Modalit\u00e0 del trattamento<\/strong><\/li>\n<\/ol>\n<p>I Dati degli Interessati saranno trattati mediante idonei strumenti elettronici o comunque automatizzati, informatici e telematici, o mediante elaborazioni manuali cartacee, con logiche strettamente correlate alle finalit\u00e0 per le quali i Dati sono stati raccolti e, comunque in modo tale da garantire la sicurezza e la riservatezza dei Dati medesimi.<\/p>\n<p>I Dati, memorizzati su supporti elettronici\/magnetici\/informatici, sono custoditi e archiviati su un server sito in Francia; i dati personali memorizzati su supporti cartacei verranno conservati in appositi registri e\/o schede, la cui conservazione sar\u00e0 attuata con archiviazione in appositi contenitori, custoditi in appositi locali. I dati conservati sul server e\/o in appositi locali sono protetti contro il rischio di intrusione e accesso non autorizzato e sottoposti a misure di sicurezza idonee a garantirne l\u2019integrit\u00e0 e la disponibilit\u00e0.<\/p>\n<ol start=\"5\">\n<li><strong>Inesistenza di un processo decisionale automatizzato, compresa la profilazione<\/strong><\/li>\n<\/ol>\n<p>Stilog non adotta alcun processo decisionale automatizzato, compresa la profilazione, di cui all\u2019articolo 22, paragrafi 1 e 4, del Regolamento UE n. 679\/2016.<\/p>\n<ol start=\"6\">\n<li><strong>Categorie di destinatari<\/strong><\/li>\n<\/ol>\n<p>I Dati saranno trattati da personale interno di Stilog (impiegati e collaboratori) all\u2019uopo autorizzato in qualit\u00e0 di Incaricato del trattamento nell\u2019ambito dello svolgimento delle mansioni lavorative assegnate, ed eventualmente da soggetti esterni per quanto necessario e\/o strumentale per l\u2019esecuzione delle finalit\u00e0 sopra indicate (es. service provider, spedizionieri, tecnici che effettuano la manutenzione dei servizi informatici, ecc).<\/p>\n<p>Resta espressamente escluso qualsiasi utilizzo dei dati relativi alla carta di credito dell\u2019Interessati per finalit\u00e0 diverse dalla verifica dell\u2019esistenza di mezzi di pagamento, l\u2019addebito e la gestione dei pagamenti, nonch\u00e9 la gestione di eventuali reclami e procedimenti contenziosi. A questo fine, i dati suddetti verranno trattati anche dalla banca che fornisce servizi connessi con la gestione dei pagamenti online nonch\u00e9 dall\u2019istituto che ha emesso la carta di credito che l\u2019Interessati inserir\u00e0 per convalidare il Suo ordine.<\/p>\n<ol start=\"7\">\n<li><strong>Natura del conferimento<\/strong><\/li>\n<\/ol>\n<p>Il conferimento dei Dati \u00e8 facoltativo. Tuttavia, il mancato conferimento determiner\u00e0 l\u2019impossibilit\u00e0 di procedere all\u2019erogazione dei servizi per i quali i Dati sono richiesti.<\/p>\n<p>L\u2019eventuale rifiuto al rilascio del consenso per la finalit\u00e0 di cui alla lettera c) non avr\u00e0 altro effetto se non quello di non potere ricevere la newsletter<\/p>\n<p>In ogni caso, gli Interessati potranno in qualsiasi momento revocare il consenso all\u2019invio della newsletter utilizzando il\u00a0<em>link\u00a0<\/em>\u201c<em>unsubscribe<\/em>\u201d presente nella newsletter ovvero altre apposite procedure che potranno essere messe a loro disposizione.<\/p>\n<p><strong>\u00a0<\/strong><\/p>\n<ol start=\"8\">\n<li><strong>Comunicazione e diffusione dei dati<\/strong><\/li>\n<\/ol>\n<p>I Dati degli Interessati, per quanto necessari e\/o strumentali per l\u2019esecuzione delle finalit\u00e0 sopra indicate, potranno essere trattati da parte di soggetti esterni che agiranno in qualit\u00e0 di Responsabili del trattamento appartenenti alle seguenti categorie:<\/p>\n<p>\u2013 societ\u00e0, consulenti e studi professionali che prestano attivit\u00e0 di assistenza e\/o consulenza, o che svolgono, per conto di Stilog, servizi connessi e strumentali alle finalit\u00e0 del trattamento dei dati.<\/p>\n<p>I Dati \u00a0non saranno in alcun caso oggetto di diffusione.<\/p>\n<p><strong>\u00a0<\/strong><\/p>\n<ol start=\"9\">\n<li><strong>Periodo di conservazione dei dati<\/strong><\/li>\n<\/ol>\n<p>I Dati saranno conservati solo per il tempo necessario alle finalit\u00e0 per le quali vengono raccolti. Con riferimento alle finalit\u00e0 promozionali e di marketing, i Dati saranno conservati per un periodo di tempo di 2 anni coerente con le finalit\u00e0 ed in conformit\u00e0 con le disposizioni vigenti in materia.<\/p>\n<ol start=\"10\">\n<li><strong>Diritti degli Utenti<\/strong><\/li>\n<\/ol>\n<p>Gli artt. 15-22 GDPR conferiscono agli Interessati la possibilit\u00e0 di esercitare specifici diritti.<\/p>\n<p>In particolare:<\/p>\n<p>\u2013 il diritto di ottenere la conferma dell\u2019esistenza o meno di Dati che li riguardano, anche se non ancora registrati, e la loro comunicazione in forma intelligibile;<\/p>\n<p>\u2013 il diritto di ottenere informazioni circa l\u2019origine dei Dati; la finalit\u00e0 e la modalit\u00e0 del trattamento; la logica applicata in caso di trattamento effettuato con l\u2019ausilio di strumenti elettronici; gli estremi identificativi del titolare e dei responsabili del trattamento; l\u2019indicazione dei soggetti o delle categorie di soggetti ai quali i Dati possono essere comunicati o che possono venirne a conoscenza;<\/p>\n<p>\u2013 il diritto di richiedere l\u2019aggiornamento, la rettifica ovvero, quando vi abbiano interesse, l\u2019integrazione dei Dati, la cancellazione, la trasformazione in forma anonima; la limitazione del trattamento;<\/p>\n<p>\u2013 il diritto alla portabilit\u00e0 dei Dati;<\/p>\n<p>\u2013 il diritto di revocare il consenso precedentemente prestato, limitatamente ai trattamenti che si fondano sulla prestazione del consenso;<\/p>\n<p>\u2013 il diritto di opporsi in tutto o in parte, per motivi legittimi, al trattamento dei Dati, ancorch\u00e9 pertinenti allo scopo della raccolta. Nel caso in cui venga esercitato il diritto di opposizione, Stilog si riserva la possibilit\u00e0 di non dare seguito all\u2019istanza, e quindi di proseguire il trattamento, nel caso in cui sussistano motivi legittimi cogenti per procedere al trattamento che prevalgono sugli interessi, diritti e libert\u00e0 dell\u2019interessato.<\/p>\n<p>\u2013 il diritto di proporre un reclamo all\u2019autorit\u00e0 di controllo (Garante Privacy), fatto salvo il diritto di ricorrere in ogni altra sede amministrativa o giurisdizionale, qualora ritenessero che il trattamento dei Dati condotto dal Titolare avvenga in violazione del GDPR.<\/p>\n<p>Per esercitare i diritti elencati, gli Interessati possono rivolgersi al Titolare, ai seguenti recapiti:<\/p>\n<p>\u2013 email: <a href=\"mailto:info@stilog.it\">info@stilog.it<\/a><\/p>\n<p>\u2013 a mezzo posta: Piazza Marsala, 4 \u2013 21100 Varese (VA) \u2013 ITALY<\/p>\n<p>&nbsp;<\/p>\n<\/div><\/div><\/div><\/div><\/div>","protected":false},"excerpt":{"rendered":"","protected":false},"author":1,"featured_media":0,"parent":0,"menu_order":0,"comment_status":"closed","ping_status":"closed","template":"","meta":{"footnotes":""},"class_list":["post-3666","page","type-page","status-publish","hentry"],"yoast_head":"<!-- This site is optimized with the Yoast SEO plugin v25.5 - https:\/\/yoast.com\/wordpress\/plugins\/seo\/ -->\n<title>Privacy policy - stillog<\/title>\n<meta name=\"robots\" content=\"index, follow, max-snippet:-1, max-image-preview:large, max-video-preview:-1\" \/>\n<link rel=\"canonical\" href=\"https:\/\/stilog.it\/it\/privacy-policy\/\" \/>\n<meta property=\"og:locale\" content=\"it_IT\" \/>\n<meta property=\"og:type\" content=\"article\" \/>\n<meta property=\"og:title\" content=\"Privacy policy - stillog\" \/>\n<meta property=\"og:url\" content=\"https:\/\/stilog.it\/it\/privacy-policy\/\" \/>\n<meta property=\"og:site_name\" content=\"stillog\" \/>\n<meta property=\"article:modified_time\" content=\"2021-02-04T12:04:37+00:00\" \/>\n<meta name=\"twitter:card\" content=\"summary_large_image\" \/>\n<meta name=\"twitter:label1\" content=\"Tempo di lettura stimato\" \/>\n\t<meta name=\"twitter:data1\" content=\"8 minuti\" \/>\n<script type=\"application\/ld+json\" class=\"yoast-schema-graph\">{\"@context\":\"https:\/\/schema.org\",\"@graph\":[{\"@type\":\"WebPage\",\"@id\":\"https:\/\/stilog.it\/it\/privacy-policy\/\",\"url\":\"https:\/\/stilog.it\/it\/privacy-policy\/\",\"name\":\"Privacy policy - stillog\",\"isPartOf\":{\"@id\":\"https:\/\/stilog.it\/#website\"},\"datePublished\":\"2021-01-15T14:20:02+00:00\",\"dateModified\":\"2021-02-04T12:04:37+00:00\",\"breadcrumb\":{\"@id\":\"https:\/\/stilog.it\/it\/privacy-policy\/#breadcrumb\"},\"inLanguage\":\"it-IT\",\"potentialAction\":[{\"@type\":\"ReadAction\",\"target\":[\"https:\/\/stilog.it\/it\/privacy-policy\/\"]}]},{\"@type\":\"BreadcrumbList\",\"@id\":\"https:\/\/stilog.it\/it\/privacy-policy\/#breadcrumb\",\"itemListElement\":[{\"@type\":\"ListItem\",\"position\":1,\"name\":\"Home\",\"item\":\"https:\/\/stilog.it\/it\/\"},{\"@type\":\"ListItem\",\"position\":2,\"name\":\"Privacy policy\"}]},{\"@type\":\"WebSite\",\"@id\":\"https:\/\/stilog.it\/#website\",\"url\":\"https:\/\/stilog.it\/\",\"name\":\"stillog\",\"description\":\"Ingegneria Strutturale e Architetturale\",\"potentialAction\":[{\"@type\":\"SearchAction\",\"target\":{\"@type\":\"EntryPoint\",\"urlTemplate\":\"https:\/\/stilog.it\/?s={search_term_string}\"},\"query-input\":{\"@type\":\"PropertyValueSpecification\",\"valueRequired\":true,\"valueName\":\"search_term_string\"}}],\"inLanguage\":\"it-IT\"}]}<\/script>\n<!-- \/ Yoast SEO plugin. -->","yoast_head_json":{"title":"Privacy policy - stillog","robots":{"index":"index","follow":"follow","max-snippet":"max-snippet:-1","max-image-preview":"max-image-preview:large","max-video-preview":"max-video-preview:-1"},"canonical":"https:\/\/stilog.it\/it\/privacy-policy\/","og_locale":"it_IT","og_type":"article","og_title":"Privacy policy - stillog","og_url":"https:\/\/stilog.it\/it\/privacy-policy\/","og_site_name":"stillog","article_modified_time":"2021-02-04T12:04:37+00:00","twitter_card":"summary_large_image","twitter_misc":{"Tempo di lettura stimato":"8 minuti"},"schema":{"@context":"https:\/\/schema.org","@graph":[{"@type":"WebPage","@id":"https:\/\/stilog.it\/it\/privacy-policy\/","url":"https:\/\/stilog.it\/it\/privacy-policy\/","name":"Privacy policy - stillog","isPartOf":{"@id":"https:\/\/stilog.it\/#website"},"datePublished":"2021-01-15T14:20:02+00:00","dateModified":"2021-02-04T12:04:37+00:00","breadcrumb":{"@id":"https:\/\/stilog.it\/it\/privacy-policy\/#breadcrumb"},"inLanguage":"it-IT","potentialAction":[{"@type":"ReadAction","target":["https:\/\/stilog.it\/it\/privacy-policy\/"]}]},{"@type":"BreadcrumbList","@id":"https:\/\/stilog.it\/it\/privacy-policy\/#breadcrumb","itemListElement":[{"@type":"ListItem","position":1,"name":"Home","item":"https:\/\/stilog.it\/it\/"},{"@type":"ListItem","position":2,"name":"Privacy policy"}]},{"@type":"WebSite","@id":"https:\/\/stilog.it\/#website","url":"https:\/\/stilog.it\/","name":"stillog","description":"Ingegneria Strutturale e Architetturale","potentialAction":[{"@type":"SearchAction","target":{"@type":"EntryPoint","urlTemplate":"https:\/\/stilog.it\/?s={search_term_string}"},"query-input":{"@type":"PropertyValueSpecification","valueRequired":true,"valueName":"search_term_string"}}],"inLanguage":"it-IT"}]}},"_links":{"self":[{"href":"https:\/\/stilog.it\/it\/wp-json\/wp\/v2\/pages\/3666","targetHints":{"allow":["GET"]}}],"collection":[{"href":"https:\/\/stilog.it\/it\/wp-json\/wp\/v2\/pages"}],"about":[{"href":"https:\/\/stilog.it\/it\/wp-json\/wp\/v2\/types\/page"}],"author":[{"embeddable":true,"href":"https:\/\/stilog.it\/it\/wp-json\/wp\/v2\/users\/1"}],"replies":[{"embeddable":true,"href":"https:\/\/stilog.it\/it\/wp-json\/wp\/v2\/comments?post=3666"}],"version-history":[{"count":4,"href":"https:\/\/stilog.it\/it\/wp-json\/wp\/v2\/pages\/3666\/revisions"}],"predecessor-version":[{"id":3690,"href":"https:\/\/stilog.it\/it\/wp-json\/wp\/v2\/pages\/3666\/revisions\/3690"}],"wp:attachment":[{"href":"https:\/\/stilog.it\/it\/wp-json\/wp\/v2\/media?parent=3666"}],"curies":[{"name":"wp","href":"https:\/\/api.w.org\/{rel}","templated":true}]}}